{"id":23,"date":"2016-12-15T06:46:57","date_gmt":"2016-12-15T05:46:57","guid":{"rendered":"http:\/\/editionsgdbm.com\/?page_id=23"},"modified":"2024-07-20T06:40:28","modified_gmt":"2024-07-20T04:40:28","slug":"qui-sommes-nous","status":"publish","type":"page","link":"https:\/\/editionsgdbm.com\/index.php\/qui-sommes-nous\/","title":{"rendered":"Qui sommes-nous ?"},"content":{"rendered":"<p>Nous sommes une maison d&rsquo;\u00e9dition associative cr\u00e9\u00e9e en 2014 qui a pour vocation d&rsquo;\u00e9diter et de diffuser des Bandes Dessin\u00e9es avec un r\u00e9el contenu graphique et sc\u00e9naristique.<\/p>\n<p>Parmi les titres disponibles ou bient\u00f4t disponibles, tous ont pu voir le jour gr\u00e2ce au financement participatif et gr\u00e2ce \u00e0 la communaut\u00e9 qui s&rsquo;est peu \u00e0 peu form\u00e9e autour de GDBM et de ses auteurs.<\/p>\n<p>Le plus gros succ\u00e8s tout public dans la collection Casteleven est <a href=\"https:\/\/fr.ulule.com\/witch-memory-bd\/\">Witch Memory cr\u00e9\u00e9 par Scebha et Pedro P\u00e9rez<\/a>. Le volume 5, repris par Vincenzo Pietropaolo est disponible et le volume 6 est d\u00e9j\u00e0 en pr\u00e9paration.<a href=\"https:\/\/www.okpal.com\/witch-memory-1-la-memoire-fantome\"><img decoding=\"async\" loading=\"lazy\" class=\"wp-image-234 aligncenter\" src=\"http:\/\/editionsgdbm.com\/wp-content\/uploads\/2018\/05\/Witch-Memory-BD-tout-public-Youtube-Joueur-du-grenier--196x300.jpg\" alt=\"\" width=\"240\" height=\"367\" srcset=\"https:\/\/editionsgdbm.com\/wp-content\/uploads\/2018\/05\/Witch-Memory-BD-tout-public-Youtube-Joueur-du-grenier--196x300.jpg 196w, https:\/\/editionsgdbm.com\/wp-content\/uploads\/2018\/05\/Witch-Memory-BD-tout-public-Youtube-Joueur-du-grenier-.jpg 640w\" sizes=\"(max-width: 240px) 100vw, 240px\" \/><\/a><\/p>\n<p><u><strong>Nos titres actuellement disponibles (version papier et\/ou num\u00e9rique), cliquez pour les d\u00e9couvrir : <\/strong><\/u><\/p>\n<p><em>Les artbooks :<br \/>\n<\/em><\/p>\n<p><a href=\"https:\/\/casteleven.com\/artbook\/13-joel-jurion-book-9782955034774.html\"><img decoding=\"async\" loading=\"lazy\" class=\"alignnone size-medium wp-image-243\" src=\"http:\/\/editionsgdbm.com\/wp-content\/uploads\/2018\/05\/Joel-Jurion-Artbook1-300x282.jpg\" alt=\"\" width=\"300\" height=\"282\" srcset=\"https:\/\/editionsgdbm.com\/wp-content\/uploads\/2018\/05\/Joel-Jurion-Artbook1-300x282.jpg 300w, https:\/\/editionsgdbm.com\/wp-content\/uploads\/2018\/05\/Joel-Jurion-Artbook1.jpg 319w\" sizes=\"(max-width: 300px) 100vw, 300px\" \/><\/a><a href=\"https:\/\/casteleven.com\/accueil\/76-joel-jurion-artbook-2.html\"><img decoding=\"async\" loading=\"lazy\" class=\"alignnone size-medium wp-image-227\" src=\"http:\/\/editionsgdbm.com\/wp-content\/uploads\/2018\/05\/Jo\u00ebl-Jurion-Artbook2-300x282.jpg\" alt=\"\" width=\"300\" height=\"282\" srcset=\"https:\/\/editionsgdbm.com\/wp-content\/uploads\/2018\/05\/Jo\u00ebl-Jurion-Artbook2-300x282.jpg 300w, https:\/\/editionsgdbm.com\/wp-content\/uploads\/2018\/05\/Jo\u00ebl-Jurion-Artbook2.jpg 319w\" sizes=\"(max-width: 300px) 100vw, 300px\" \/><\/a><\/p>\n<p><a href=\"https:\/\/casteleven.com\/artbook\/3-styloide-book-9782955034729.html\"><img decoding=\"async\" loading=\"lazy\" class=\"alignnone size-medium wp-image-245\" src=\"http:\/\/editionsgdbm.com\/wp-content\/uploads\/2018\/05\/Stylo\u00efde-book1-300x282.jpg\" alt=\"\" width=\"300\" height=\"282\" srcset=\"https:\/\/editionsgdbm.com\/wp-content\/uploads\/2018\/05\/Stylo\u00efde-book1-300x282.jpg 300w, https:\/\/editionsgdbm.com\/wp-content\/uploads\/2018\/05\/Stylo\u00efde-book1.jpg 319w\" sizes=\"(max-width: 300px) 100vw, 300px\" \/><\/a><a href=\"https:\/\/casteleven.com\/accueil\/77-styloide-book-2.html\"><img decoding=\"async\" loading=\"lazy\" class=\"alignnone size-medium wp-image-230\" src=\"http:\/\/editionsgdbm.com\/wp-content\/uploads\/2018\/05\/Stylo\u00efde-book-2-300x282.jpg\" alt=\"\" width=\"300\" height=\"282\" srcset=\"https:\/\/editionsgdbm.com\/wp-content\/uploads\/2018\/05\/Stylo\u00efde-book-2-300x282.jpg 300w, https:\/\/editionsgdbm.com\/wp-content\/uploads\/2018\/05\/Stylo\u00efde-book-2.jpg 319w\" sizes=\"(max-width: 300px) 100vw, 300px\" \/><\/a><\/p>\n<p><em>Les collectifs Vanadis :<\/em><\/p>\n<p><a href=\"https:\/\/casteleven.com\/bd\/11-vanadis-1-sensible-9782955034750.html\"><img decoding=\"async\" loading=\"lazy\" class=\"alignnone size-medium wp-image-246\" src=\"http:\/\/editionsgdbm.com\/wp-content\/uploads\/2018\/05\/Vanadis1-300x282.jpg\" alt=\"\" width=\"300\" height=\"282\" srcset=\"https:\/\/editionsgdbm.com\/wp-content\/uploads\/2018\/05\/Vanadis1-300x282.jpg 300w, https:\/\/editionsgdbm.com\/wp-content\/uploads\/2018\/05\/Vanadis1.jpg 319w\" sizes=\"(max-width: 300px) 100vw, 300px\" \/><\/a><a href=\"https:\/\/casteleven.com\/bd\/14-vanadis-2-brute-9782955034767.html\"><img decoding=\"async\" loading=\"lazy\" class=\"alignnone size-medium wp-image-247\" src=\"http:\/\/editionsgdbm.com\/wp-content\/uploads\/2018\/05\/Vanadis2-300x282.jpg\" alt=\"\" width=\"300\" height=\"282\" srcset=\"https:\/\/editionsgdbm.com\/wp-content\/uploads\/2018\/05\/Vanadis2-300x282.jpg 300w, https:\/\/editionsgdbm.com\/wp-content\/uploads\/2018\/05\/Vanadis2.jpg 319w\" sizes=\"(max-width: 300px) 100vw, 300px\" \/><\/a><\/p>\n<p><em>Les Bandes dessin\u00e9es :<\/em><\/p>\n<p><a href=\"https:\/\/casteleven.com\/styloide\/2-no-men-s-land-9782955034712.html\"><img decoding=\"async\" loading=\"lazy\" class=\"alignnone size-medium wp-image-244\" src=\"http:\/\/editionsgdbm.com\/wp-content\/uploads\/2018\/05\/No-Mens-land-300x282.jpg\" alt=\"\" width=\"300\" height=\"282\" srcset=\"https:\/\/editionsgdbm.com\/wp-content\/uploads\/2018\/05\/No-Mens-land-300x282.jpg 300w, https:\/\/editionsgdbm.com\/wp-content\/uploads\/2018\/05\/No-Mens-land.jpg 319w\" sizes=\"(max-width: 300px) 100vw, 300px\" \/><\/a><a href=\"https:\/\/casteleven.com\/bd\/56-titania-1-l-assaut-9791096046034.html\"><img decoding=\"async\" loading=\"lazy\" class=\"alignnone size-medium wp-image-251\" src=\"http:\/\/editionsgdbm.com\/wp-content\/uploads\/2018\/05\/Titania-BD-300x282.jpg\" alt=\"\" width=\"300\" height=\"282\" srcset=\"https:\/\/editionsgdbm.com\/wp-content\/uploads\/2018\/05\/Titania-BD-300x282.jpg 300w, https:\/\/editionsgdbm.com\/wp-content\/uploads\/2018\/05\/Titania-BD.jpg 319w\" sizes=\"(max-width: 300px) 100vw, 300px\" \/><\/a><\/p>\n<p><em>La s\u00e9rie Imperfect :<\/em><\/p>\n<p><a href=\"https:\/\/casteleven.com\/bd\/1-imperfect-9782955034705.html\"><img decoding=\"async\" loading=\"lazy\" class=\"alignnone size-medium wp-image-250\" src=\"http:\/\/editionsgdbm.com\/wp-content\/uploads\/2018\/05\/s\u00e9rie-Imperfect-300x205.jpg\" alt=\"\" width=\"300\" height=\"205\" srcset=\"https:\/\/editionsgdbm.com\/wp-content\/uploads\/2018\/05\/s\u00e9rie-Imperfect-300x205.jpg 300w, https:\/\/editionsgdbm.com\/wp-content\/uploads\/2018\/05\/s\u00e9rie-Imperfect.jpg 472w\" sizes=\"(max-width: 300px) 100vw, 300px\" \/><\/a><\/p>\n","protected":false},"excerpt":{"rendered":"<p>Nous sommes une maison d&rsquo;\u00e9dition associative cr\u00e9\u00e9e en 2014 qui a pour vocation d&rsquo;\u00e9diter et de diffuser des Bandes Dessin\u00e9es avec un r\u00e9el contenu graphique et sc\u00e9naristique. Parmi les titres disponibles ou bient\u00f4t disponibles, tous ont pu voir le jour gr\u00e2ce au financement participatif et gr\u00e2ce \u00e0 la communaut\u00e9 qui s&rsquo;est peu \u00e0 peu form\u00e9e&nbsp;&#8230;<\/p>\n","protected":false},"author":1,"featured_media":0,"parent":0,"menu_order":0,"comment_status":"closed","ping_status":"closed","template":"","meta":[],"_links":{"self":[{"href":"https:\/\/editionsgdbm.com\/index.php\/wp-json\/wp\/v2\/pages\/23"}],"collection":[{"href":"https:\/\/editionsgdbm.com\/index.php\/wp-json\/wp\/v2\/pages"}],"about":[{"href":"https:\/\/editionsgdbm.com\/index.php\/wp-json\/wp\/v2\/types\/page"}],"author":[{"embeddable":true,"href":"https:\/\/editionsgdbm.com\/index.php\/wp-json\/wp\/v2\/users\/1"}],"replies":[{"embeddable":true,"href":"https:\/\/editionsgdbm.com\/index.php\/wp-json\/wp\/v2\/comments?post=23"}],"version-history":[{"count":12,"href":"https:\/\/editionsgdbm.com\/index.php\/wp-json\/wp\/v2\/pages\/23\/revisions"}],"predecessor-version":[{"id":267,"href":"https:\/\/editionsgdbm.com\/index.php\/wp-json\/wp\/v2\/pages\/23\/revisions\/267"}],"wp:attachment":[{"href":"https:\/\/editionsgdbm.com\/index.php\/wp-json\/wp\/v2\/media?parent=23"}],"curies":[{"name":"wp","href":"https:\/\/api.w.org\/{rel}","templated":true}]}}