{"id":256,"date":"2021-05-25T07:46:07","date_gmt":"2021-05-25T05:46:07","guid":{"rendered":"http:\/\/editionsgdbm.com\/?page_id=256"},"modified":"2022-10-25T17:22:36","modified_gmt":"2022-10-25T15:22:36","slug":"witch-memory","status":"publish","type":"page","link":"https:\/\/editionsgdbm.com\/index.php\/witch-memory\/","title":{"rendered":"Witch Memory"},"content":{"rendered":"<p><strong>Witch Memory<\/strong> est une <strong>bande dessin\u00e9e<\/strong> pr\u00e9vue sur <strong>9 tomes<\/strong>. Ce projet vous propose d&rsquo;aider au <strong>financement du premier tome\u00a0<\/strong> <strong>A4 cartonn\u00e9<\/strong> de la s\u00e9rie qui comprendra <strong>46\u00a0pages couleurs<\/strong>.<\/p>\n<p>Participez aux aventures de <strong>Callistra, une sorci\u00e8re<\/strong> ayant perdu la m\u00e9moire (pourchass\u00e9e par deux chasseurs de primes), de <strong>Marv, un aventurier<\/strong> d\u00e9butant et d&rsquo;<strong>\u00c9rasme, un Pinkomplet<\/strong> ressemblant \u00e0 une peluche d&rsquo;un m\u00e8tre.<\/p>\n<p><u><strong>Synopsis :<\/strong><\/u> Notre histoire commencera dans les Confins, sur l\u2019\u00eele de la Bordure, et plus pr\u00e9cis\u00e9ment dans la for\u00eat de Goud\u00e9nof, o\u00f9 Callistra Tailling, sorci\u00e8re amn\u00e9sique, Marv Heulous, aventurier en devenir et \u00c9rasme Adibus Wiki, un Pinkomplet ressemblant \u00e0 une peluche, croiseront leur destin d\u2019une mani\u00e8re inattendue, signant le d\u00e9but d\u2019une formidable aventure. Participez aux aventures de Callistra (pourchass\u00e9e par deux mercenaires, Miles Lenn et Maito Grener), de Marv et d&rsquo;\u00c9rasme.<\/p>\n<p>&nbsp;<\/p>\n","protected":false},"excerpt":{"rendered":"<p>Witch Memory est une bande dessin\u00e9e pr\u00e9vue sur 9 tomes. Ce projet vous propose d&rsquo;aider au financement du premier tome\u00a0 A4 cartonn\u00e9 de la s\u00e9rie qui comprendra 46\u00a0pages couleurs. Participez aux aventures de Callistra, une sorci\u00e8re ayant perdu la m\u00e9moire (pourchass\u00e9e par deux chasseurs de primes), de Marv, un aventurier d\u00e9butant et d&rsquo;\u00c9rasme, un Pinkomplet&nbsp;&#8230;<\/p>\n","protected":false},"author":1,"featured_media":0,"parent":0,"menu_order":1,"comment_status":"closed","ping_status":"closed","template":"","meta":[],"_links":{"self":[{"href":"https:\/\/editionsgdbm.com\/index.php\/wp-json\/wp\/v2\/pages\/256"}],"collection":[{"href":"https:\/\/editionsgdbm.com\/index.php\/wp-json\/wp\/v2\/pages"}],"about":[{"href":"https:\/\/editionsgdbm.com\/index.php\/wp-json\/wp\/v2\/types\/page"}],"author":[{"embeddable":true,"href":"https:\/\/editionsgdbm.com\/index.php\/wp-json\/wp\/v2\/users\/1"}],"replies":[{"embeddable":true,"href":"https:\/\/editionsgdbm.com\/index.php\/wp-json\/wp\/v2\/comments?post=256"}],"version-history":[{"count":3,"href":"https:\/\/editionsgdbm.com\/index.php\/wp-json\/wp\/v2\/pages\/256\/revisions"}],"predecessor-version":[{"id":261,"href":"https:\/\/editionsgdbm.com\/index.php\/wp-json\/wp\/v2\/pages\/256\/revisions\/261"}],"wp:attachment":[{"href":"https:\/\/editionsgdbm.com\/index.php\/wp-json\/wp\/v2\/media?parent=256"}],"curies":[{"name":"wp","href":"https:\/\/api.w.org\/{rel}","templated":true}]}}